{"id":1312,"date":"2022-10-24T22:30:11","date_gmt":"2022-10-24T20:30:11","guid":{"rendered":"http:\/\/toastmasters-bc-frankfurt.de\/wordpress\/?page_id=1312"},"modified":"2026-01-19T22:05:14","modified_gmt":"2026-01-19T21:05:14","slug":"club-meeting-dates","status":"publish","type":"page","link":"https:\/\/businessclub-frankfurt-toastmasters.de\/wordpress\/club-meeting-dates","title":{"rendered":"Meeting Details &#8211; When you can join us"},"content":{"rendered":"\n<p>Club meeting details: we meet <strong>at 18:45.&nbsp;<\/strong>Our meetings are in English.&nbsp;<\/p>\n\n\n\n<p>Visit our next meeting at our three locations in the heart of Frankfurt: <\/p>\n\n\n\n<p>&#8211;&nbsp;<strong>SAALBAU Gallus,&nbsp;Frankenallee 111, 60326 Frankfurt am Main<\/strong> <strong>(2nd &amp; 4th Wednesday<\/strong>)<br>&#8211;&nbsp;<strong>SAALBAU Bornheim,&nbsp;Arnsburger Stra\u00dfe 24, 605385 Frankfurt am Main<\/strong> <strong>(1st &amp; 3rd Tuesday<\/strong>) <br>&#8211; <strong>SAALBAU S\u00fcdbahnhof,&nbsp;Hedderichstra\u00dfe 51, 60594 Frankfurt am Main<\/strong> <strong>(1st &amp; 3rd Thursday<\/strong>)<\/p>\n\n\n\n<p><\/p>\n\n\n\n<p>Guests are always welcome to come visit any time of the year! Free of charge and without obligation!&nbsp;<\/p>\n\n\n\n<div class=\"wp-block-uagb-buttons uagb-buttons__outer-wrap uagb-btn__default-btn uagb-btn-tablet__default-btn uagb-btn-mobile__default-btn uagb-block-3940fbda uag-hide-desktop uag-hide-tab uag-hide-mob\"><div class=\"uagb-buttons__wrap uagb-buttons-layout-wrap \">\n<div class=\"wp-block-uagb-buttons-child uagb-buttons__outer-wrap uagb-block-0b0feba0 wp-block-button\"><div class=\"uagb-button__wrapper\"><a class=\"uagb-buttons-repeater wp-block-button__link\" aria-label=\"\" href=\"https:\/\/www.eventbrite.de\/e\/public-speaking-at-business-club-frankfurt-toastmasters-tickets-486698246557\" rel=\"follow noopener\" target=\"_self\" role=\"button\"><div class=\"uagb-button__link\">Book Your Free Ticket Now<\/div><span class=\"uagb-button__icon uagb-button__icon-position-after\"><svg xmlns=\"https:\/\/www.w3.org\/2000\/svg\" viewBox=\"0 0 576 512\" aria-hidden=\"true\" focussable=\"false\"><path d=\"M128 160H448V352H128V160zM512 64C547.3 64 576 92.65 576 128V208C549.5 208 528 229.5 528 256C528 282.5 549.5 304 576 304V384C576 419.3 547.3 448 512 448H64C28.65 448 0 419.3 0 384V304C26.51 304 48 282.5 48 256C48 229.5 26.51 208 0 208V128C0 92.65 28.65 64 64 64H512zM96 352C96 369.7 110.3 384 128 384H448C465.7 384 480 369.7 480 352V160C480 142.3 465.7 128 448 128H128C110.3 128 96 142.3 96 160V352z\"><\/path><\/svg><\/span><\/a><\/div><\/div>\n<\/div><\/div>\n\n\n\n<!-- Noscript-Inhalt f\u00fcr hinzugef\u00fcgtes SEO -->\n<noscript><a href=\"https:\/\/www.eventbrite.de\/e\/public-speaking-at-business-club-frankfurt-toastmasters-tickets-1127539193079\" rel=\"noopener noreferrer\" target=\"_blank\">Ticketkauf auf Eventbrite<\/a><\/noscript>\n<!-- Sie k\u00f6nnen diese Schaltfl\u00e4che individuell anpassen. -->\n<!--button id=\"number4-486698246557\" type=\"button\">Tickets kaufen<\/button-->\n<div class=\"wp-block-uagb-buttons uagb-buttons__outer-wrap uagb-btn__default-btn uagb-btn-tablet__default-btn uagb-btn-mobile__default-btn\">\n    <div class=\"uagb-buttons__wrap uagb-buttons-layout-wrap\">\n        <div class=\"wp-block-uagb-buttons-child uagb-buttons__outer-wrap wp-block-button is-style-outline\">\n            <div class=\"uagb-button__wrapper\"><button id=\"number4-486698246557\" class=\"uagb-buttons-repeater wp-block-button__link has-text-color\">\n                    <div class=\"uagb-button__link\">Book Your Free Ticket for Gallus Now \ud83c\udfab<\/div><span class=\"uagb-button__icon uagb-button__icon-position-after\"><svg xmlns=\"https:\/\/www.w3.org\/2000\/svg\" viewBox=\"0 0 576 512\">\n                            <path d=\"M128 160H448V352H128V160zM512 64C547.3 64 576 92.65 576 128V208C549.5 208 528 229.5 528 256C528 282.5 549.5 304 576 304V384C576 419.3 547.3 448 512 448H64C28.65 448 0 419.3 0 384V304C26.51 304 48 282.5 48 256C48 229.5 26.51 208 0 208V128C0 92.65 28.65 64 64 64H512zM96 352C96 369.7 110.3 384 128 384H448C465.7 384 480 369.7 480 352V160C480 142.3 465.7 128 448 128H128C110.3 128 96 142.3 96 160V352z\">\n                            <\/path>\n                        <\/svg><\/span>\n                    <\/button><\/div>\n        <\/div>\n    <\/div>\n<\/div>\n\n<script src=\"https:\/\/www.eventbrite.de\/static\/widgets\/eb_widgets.js\"><\/script>\n\n<script type=\"text\/javascript\">\n    var exampleCallback = function () {\n        console.log('Bestellung ist abgeschlossen!');\n    };\n\n    window.EBWidgets.createWidget({\n        widgetType: 'checkout',\n        eventId: '1979710051055',\n        modal: true,\n        modalTriggerElementId: 'number4-486698246557',\n        onOrderComplete: exampleCallback\n    });\n<\/script>\n\n\n\n<!-- Noscript-Inhalt f\u00fcr hinzugef\u00fcgtes SEO -->\n<noscript><a href=\"https:\/\/www.eventbrite.de\/e\/public-speaking-at-business-club-frankfurt-toastmasters-tickets-1127539193079\" rel=\"noopener noreferrer\" target=\"_blank\">Ticketkauf auf Eventbrite<\/a><\/noscript>\n<!-- Sie k\u00f6nnen diese Schaltfl\u00e4che individuell anpassen. -->\n<!--button id=\"number4-486698246558\" type=\"button\">Tickets kaufen<\/button-->\n<div class=\"wp-block-uagb-buttons uagb-buttons__outer-wrap uagb-btn__default-btn uagb-btn-tablet__default-btn uagb-btn-mobile__default-btn\">\n    <div class=\"uagb-buttons__wrap uagb-buttons-layout-wrap\">\n        <div class=\"wp-block-uagb-buttons-child uagb-buttons__outer-wrap wp-block-button is-style-outline\">\n            <div class=\"uagb-button__wrapper\"><button id=\"number4-486698246558\" class=\"uagb-buttons-repeater wp-block-button__link has-text-color\">\n                    <div class=\"uagb-button__link\">Book Your Free Ticket for S\u00fcdbahnhof Now \ud83c\udfab<\/div><span class=\"uagb-button__icon uagb-button__icon-position-after\"><svg xmlns=\"https:\/\/www.w3.org\/2000\/svg\" viewBox=\"0 0 576 512\">\n                            <path d=\"M128 160H448V352H128V160zM512 64C547.3 64 576 92.65 576 128V208C549.5 208 528 229.5 528 256C528 282.5 549.5 304 576 304V384C576 419.3 547.3 448 512 448H64C28.65 448 0 419.3 0 384V304C26.51 304 48 282.5 48 256C48 229.5 26.51 208 0 208V128C0 92.65 28.65 64 64 64H512zM96 352C96 369.7 110.3 384 128 384H448C465.7 384 480 369.7 480 352V160C480 142.3 465.7 128 448 128H128C110.3 128 96 142.3 96 160V352z\">\n                            <\/path>\n                        <\/svg><\/span>\n                    <\/button><\/div>\n        <\/div>\n    <\/div>\n<\/div>\n\n<script src=\"https:\/\/www.eventbrite.de\/static\/widgets\/eb_widgets.js\"><\/script>\n\n<script type=\"text\/javascript\">\n    var exampleCallback = function () {\n        console.log('Bestellung ist abgeschlossen!');\n    };\n\n    window.EBWidgets.createWidget({\n        widgetType: 'checkout',\n        eventId: '1979711052049',\n        modal: true,\n        modalTriggerElementId: 'number4-486698246558',\n        onOrderComplete: exampleCallback\n    });\n<\/script>\n\n\n\n<!-- Noscript-Inhalt f\u00fcr hinzugef\u00fcgtes SEO -->\n<noscript><a href=\"https:\/\/www.eventbrite.de\/e\/public-speaking-at-business-club-frankfurt-toastmasters-tickets-1127539193079\" rel=\"noopener noreferrer\" target=\"_blank\">Ticketkauf auf Eventbrite<\/a><\/noscript>\n<!-- Sie k\u00f6nnen diese Schaltfl\u00e4che individuell anpassen. -->\n<!--button id=\"number4-486698246559\" type=\"button\">Tickets kaufen<\/button-->\n<div class=\"wp-block-uagb-buttons uagb-buttons__outer-wrap uagb-btn__default-btn uagb-btn-tablet__default-btn uagb-btn-mobile__default-btn\">\n    <div class=\"uagb-buttons__wrap uagb-buttons-layout-wrap\">\n        <div class=\"wp-block-uagb-buttons-child uagb-buttons__outer-wrap wp-block-button is-style-outline\">\n            <div class=\"uagb-button__wrapper\"><button id=\"number4-486698246559\" class=\"uagb-buttons-repeater wp-block-button__link has-text-color\">\n                    <div class=\"uagb-button__link\">Book Your Free Ticket for Bornheim Now \ud83c\udfab<\/div><span class=\"uagb-button__icon uagb-button__icon-position-after\"><svg xmlns=\"https:\/\/www.w3.org\/2000\/svg\" viewBox=\"0 0 576 512\">\n                            <path d=\"M128 160H448V352H128V160zM512 64C547.3 64 576 92.65 576 128V208C549.5 208 528 229.5 528 256C528 282.5 549.5 304 576 304V384C576 419.3 547.3 448 512 448H64C28.65 448 0 419.3 0 384V304C26.51 304 48 282.5 48 256C48 229.5 26.51 208 0 208V128C0 92.65 28.65 64 64 64H512zM96 352C96 369.7 110.3 384 128 384H448C465.7 384 480 369.7 480 352V160C480 142.3 465.7 128 448 128H128C110.3 128 96 142.3 96 160V352z\">\n                            <\/path>\n                        <\/svg><\/span>\n                    <\/button><\/div>\n        <\/div>\n    <\/div>\n<\/div>\n\n<script src=\"https:\/\/www.eventbrite.de\/static\/widgets\/eb_widgets.js\"><\/script>\n\n<script type=\"text\/javascript\">\n    var exampleCallback = function () {\n        console.log('Bestellung ist abgeschlossen!');\n    };\n\n    window.EBWidgets.createWidget({\n        widgetType: 'checkout',\n        eventId: '1979710503408',\n        modal: true,\n        modalTriggerElementId: 'number4-486698246559',\n        onOrderComplete: exampleCallback\n    });\n<\/script>\n\n\n\n<p>We use the Easy-Speak meeting organizer online tool to plan our club evenings. Click <a rel=\"noreferrer noopener\" href=\"https:\/\/tmclub.eu\/view_meeting.php?c=724&amp;show=next\" target=\"_blank\">here for the agenda<\/a> of the next club evening. Click <a rel=\"noreferrer noopener\" href=\"https:\/\/tmclub.eu\/mycalendar.php?c=724&amp;scope=only\" data-type=\"URL\" data-id=\"https:\/\/tmclub.eu\/mycalendar.php?c=724&amp;scope=only\" target=\"_blank\">here for the calendar<\/a> of Business Club Frankfurt Toastmasters on Easy Speak.<\/p>\n\n\n\n<div style=\"text-align:center;pointer-events: none;text-color: black;\"> <style type=\"text\/css\">\n a {text-decoration:none;}\n<\/style><script type=\"text\/javascript\" src=\"https:\/\/tmclub.eu\/next\/club_724.js\"><\/script><\/div>\n\n\n\n<p><a href=\"\/wordpress\/\" title=\"\">Home<\/a><\/p>\n\n\n\n<p><\/p>\n","protected":false},"excerpt":{"rendered":"<p>Club meeting details: we meet at 18:45.&nbsp;Our meetings are in English.&nbsp; Visit our next meeting at our three locations in the heart of Frankfurt: &#8211;&nbsp;SAALBAU Gallus,&nbsp;Frankenallee 111, 60326 Frankfurt am Main (2nd &amp; 4th Wednesday)&#8211;&nbsp;SAALBAU Bornheim,&nbsp;Arnsburger Stra\u00dfe 24, 605385 Frankfurt am Main (1st &amp; 3rd Tuesday) &#8211; SAALBAU S\u00fcdbahnhof,&nbsp;Hedderichstra\u00dfe 51, 60594 Frankfurt am Main (1st [&hellip;]<\/p>\n","protected":false},"author":1,"featured_media":0,"parent":0,"menu_order":0,"comment_status":"closed","ping_status":"closed","template":"","meta":{"om_disable_all_campaigns":false,"_uag_custom_page_level_css":"","_monsterinsights_skip_tracking":false,"_monsterinsights_sitenote_active":false,"_monsterinsights_sitenote_note":"","_monsterinsights_sitenote_category":0,"footnotes":""},"class_list":["post-1312","page","type-page","status-publish","hentry"],"aioseo_notices":[],"uagb_featured_image_src":{"full":false,"thumbnail":false,"medium":false,"medium_large":false,"large":false,"1536x1536":false,"2048x2048":false,"eaw-thumbnail":false},"uagb_author_info":{"display_name":"web62","author_link":"https:\/\/businessclub-frankfurt-toastmasters.de\/wordpress\/archives\/author\/web62"},"uagb_comment_info":0,"uagb_excerpt":"Club meeting details: we meet at 18:45.&nbsp;Our meetings are in English.&nbsp; Visit our next meeting at our three locations in the heart of Frankfurt: &#8211;&nbsp;SAALBAU Gallus,&nbsp;Frankenallee 111, 60326 Frankfurt am Main (2nd &amp; 4th Wednesday)&#8211;&nbsp;SAALBAU Bornheim,&nbsp;Arnsburger Stra\u00dfe 24, 605385 Frankfurt am Main (1st &amp; 3rd Tuesday) &#8211; SAALBAU S\u00fcdbahnhof,&nbsp;Hedderichstra\u00dfe 51, 60594 Frankfurt am Main (1st&hellip;","_links":{"self":[{"href":"https:\/\/businessclub-frankfurt-toastmasters.de\/wordpress\/wp-json\/wp\/v2\/pages\/1312","targetHints":{"allow":["GET"]}}],"collection":[{"href":"https:\/\/businessclub-frankfurt-toastmasters.de\/wordpress\/wp-json\/wp\/v2\/pages"}],"about":[{"href":"https:\/\/businessclub-frankfurt-toastmasters.de\/wordpress\/wp-json\/wp\/v2\/types\/page"}],"author":[{"embeddable":true,"href":"https:\/\/businessclub-frankfurt-toastmasters.de\/wordpress\/wp-json\/wp\/v2\/users\/1"}],"replies":[{"embeddable":true,"href":"https:\/\/businessclub-frankfurt-toastmasters.de\/wordpress\/wp-json\/wp\/v2\/comments?post=1312"}],"version-history":[{"count":44,"href":"https:\/\/businessclub-frankfurt-toastmasters.de\/wordpress\/wp-json\/wp\/v2\/pages\/1312\/revisions"}],"predecessor-version":[{"id":2121,"href":"https:\/\/businessclub-frankfurt-toastmasters.de\/wordpress\/wp-json\/wp\/v2\/pages\/1312\/revisions\/2121"}],"wp:attachment":[{"href":"https:\/\/businessclub-frankfurt-toastmasters.de\/wordpress\/wp-json\/wp\/v2\/media?parent=1312"}],"curies":[{"name":"wp","href":"https:\/\/api.w.org\/{rel}","templated":true}]}}